{"id":133,"date":"2024-03-22T14:07:36","date_gmt":"2024-03-22T13:07:36","guid":{"rendered":"https:\/\/moeniagrp.com\/?page_id=133"},"modified":"2026-05-04T15:23:13","modified_gmt":"2026-05-04T13:23:13","slug":"pret-mariage","status":"publish","type":"page","link":"https:\/\/moeniagrp.com\/index.php\/pret-mariage\/","title":{"rendered":"Pr\u00eat mariage"},"content":{"rendered":"\t\t<div data-elementor-type=\"wp-page\" data-elementor-id=\"133\" class=\"elementor elementor-133\" data-elementor-post-type=\"page\">\n\t\t\t\t<div class=\"elementor-element elementor-element-e921d43 e-flex e-con-boxed e-con e-parent\" data-id=\"e921d43\" data-element_type=\"container\" data-e-type=\"container\" data-settings=\"{&quot;background_background&quot;:&quot;classic&quot;}\">\n\t\t\t\t\t<div class=\"e-con-inner\">\n\t\t\t\t<div class=\"elementor-element elementor-element-273d6db elementor-widget elementor-widget-heading\" data-id=\"273d6db\" data-element_type=\"widget\" data-e-type=\"widget\" data-widget_type=\"heading.default\">\n\t\t\t\t<div class=\"elementor-widget-container\">\n\t\t\t\t\t<h2 class=\"elementor-heading-title elementor-size-default\">Le cr\u00e9dit mariage pour vous aider \u00e0 pr\u00e9parer le jour J<\/h2>\t\t\t\t<\/div>\n\t\t\t\t<\/div>\n\t\t\t\t\t<\/div>\n\t\t\t\t<\/div>\n\t\t<div class=\"elementor-element elementor-element-491d1ad e-flex e-con-boxed e-con e-parent\" data-id=\"491d1ad\" data-element_type=\"container\" data-e-type=\"container\">\n\t\t\t\t\t<div class=\"e-con-inner\">\n\t\t\t\t<div class=\"elementor-element elementor-element-1a87c85 elementor-widget elementor-widget-heading\" data-id=\"1a87c85\" data-element_type=\"widget\" data-e-type=\"widget\" data-widget_type=\"heading.default\">\n\t\t\t\t<div class=\"elementor-widget-container\">\n\t\t\t\t\t<h2 class=\"elementor-heading-title elementor-size-default\">Cr\u00e9dit Mariage Moenia Financement \n: Donnez vie au mariage de vos r\u00eaves<\/h2>\t\t\t\t<\/div>\n\t\t\t\t<\/div>\n\t\t\t\t<div class=\"elementor-element elementor-element-a7d3455 elementor-widget elementor-widget-text-editor\" data-id=\"a7d3455\" data-element_type=\"widget\" data-e-type=\"widget\" data-widget_type=\"text-editor.default\">\n\t\t\t\t<div class=\"elementor-widget-container\">\n\t\t\t\t\t\t\t\t\t<p data-start=\"236\" data-end=\"605\">Votre mariage est l\u2019un des plus beaux jours de votre vie. Vous l\u2019imaginez parfait : une c\u00e9r\u00e9monie \u00e9mouvante, une r\u00e9ception m\u00e9morable, une ambiance \u00e9l\u00e9gante qui \u00e9merveillera vos invit\u00e9s\u2026 Mais vous savez aussi qu\u2019organiser un mariage repr\u00e9sente un budget important. Avec le\u00a0<strong data-start=\"508\" data-end=\"534\">Cr\u00e9dit Mariage Moenia Financement <\/strong>, nous vous aidons \u00e0 transformer vos r\u00eaves en r\u00e9alit\u00e9 sans compromis.<\/p><p data-start=\"607\" data-end=\"782\">Que vous pr\u00e9voyiez un mariage intime ou une grande c\u00e9l\u00e9bration, nous vous proposons une solution de financement flexible, transparente et parfaitement adapt\u00e9e \u00e0 vos besoins.<\/p>\t\t\t\t\t\t\t\t<\/div>\n\t\t\t\t<\/div>\n\t\t\t\t<div class=\"elementor-element elementor-element-62cff5b elementor-widget elementor-widget-image\" data-id=\"62cff5b\" data-element_type=\"widget\" data-e-type=\"widget\" data-widget_type=\"image.default\">\n\t\t\t\t<div class=\"elementor-widget-container\">\n\t\t\t\t\t\t\t\t\t\t\t\t\t\t\t<img fetchpriority=\"high\" decoding=\"async\" width=\"770\" height=\"400\" src=\"https:\/\/moeniagrp.com\/wp-content\/uploads\/2026\/05\/page_68cf4a2b9e019.jpg\" class=\"attachment-large size-large wp-image-1431\" alt=\"\" srcset=\"https:\/\/moeniagrp.com\/wp-content\/uploads\/2026\/05\/page_68cf4a2b9e019.jpg 770w, https:\/\/moeniagrp.com\/wp-content\/uploads\/2026\/05\/page_68cf4a2b9e019-300x156.jpg 300w, https:\/\/moeniagrp.com\/wp-content\/uploads\/2026\/05\/page_68cf4a2b9e019-768x399.jpg 768w\" sizes=\"(max-width: 770px) 100vw, 770px\" \/>\t\t\t\t\t\t\t\t\t\t\t\t\t\t\t<\/div>\n\t\t\t\t<\/div>\n\t\t\t\t\t<\/div>\n\t\t\t\t<\/div>\n\t\t<div class=\"elementor-element elementor-element-24b5643 e-flex e-con-boxed e-con e-parent\" data-id=\"24b5643\" data-element_type=\"container\" data-e-type=\"container\">\n\t\t\t\t\t<div class=\"e-con-inner\">\n\t\t<div class=\"elementor-element elementor-element-41fe34d e-flex e-con-boxed e-con e-child\" data-id=\"41fe34d\" data-element_type=\"container\" data-e-type=\"container\">\n\t\t\t\t\t<div class=\"e-con-inner\">\n\t\t\t\t<div class=\"elementor-element elementor-element-98cc61a elementor-widget elementor-widget-heading\" data-id=\"98cc61a\" data-element_type=\"widget\" data-e-type=\"widget\" data-widget_type=\"heading.default\">\n\t\t\t\t<div class=\"elementor-widget-container\">\n\t\t\t\t\t<h2 class=\"elementor-heading-title elementor-size-default\">Pourquoi choisir le Cr\u00e9dit Mariage Moenia Financement \n?<\/h2>\t\t\t\t<\/div>\n\t\t\t\t<\/div>\n\t\t\t\t<div class=\"elementor-element elementor-element-4e30732 elementor-widget elementor-widget-text-editor\" data-id=\"4e30732\" data-element_type=\"widget\" data-e-type=\"widget\" data-widget_type=\"text-editor.default\">\n\t\t\t\t<div class=\"elementor-widget-container\">\n\t\t\t\t\t\t\t\t\t<p data-start=\"845\" data-end=\"1112\">\ud83d\udc8d\u00a0<strong data-start=\"848\" data-end=\"876\">Un mariage \u00e0 votre image<\/strong><br data-start=\"876\" data-end=\"879\" \/>Ne laissez pas le budget limiter vos envies. Nous finan\u00e7ons tous les postes de votre mariage : salle de r\u00e9ception, traiteur, d\u00e9coration, musique, tenues, voyage de noces\u2026 pour que vous puissiez cr\u00e9er l\u2019\u00e9v\u00e9nement qui vous ressemble.<\/p><p data-start=\"1114\" data-end=\"1359\">\ud83d\udc8d\u00a0<strong data-start=\"1117\" data-end=\"1153\">Des mensualit\u00e9s l\u00e9g\u00e8res et fixes<\/strong><br data-start=\"1153\" data-end=\"1156\" \/>Gr\u00e2ce \u00e0 notre taux comp\u00e9titif et transparent, vous pouvez planifier vos remboursements en toute s\u00e9r\u00e9nit\u00e9. Vous savez exactement combien vous payez chaque mois, sans frais cach\u00e9s ni mauvaises surprises.<\/p><p data-start=\"1361\" data-end=\"1570\">\ud83d\udc8d\u00a0<strong data-start=\"1364\" data-end=\"1399\">Un financement rapide et simple<\/strong><br data-start=\"1399\" data-end=\"1402\" \/>Notre processus en ligne est fluide et rapide. Faites votre simulation, recevez une r\u00e9ponse quasi instantan\u00e9e et obtenez votre financement dans les plus brefs d\u00e9lais.<\/p><p data-start=\"1572\" data-end=\"1753\">\ud83d\udc8d\u00a0<strong data-start=\"1575\" data-end=\"1609\">Un accompagnement personnalis\u00e9<\/strong><br data-start=\"1609\" data-end=\"1612\" \/>Nos conseillers vous guident pas \u00e0 pas pour vous aider \u00e0 d\u00e9finir le montant id\u00e9al de votre cr\u00e9dit, adapt\u00e9 \u00e0 votre projet et \u00e0 votre budget.<\/p>\t\t\t\t\t\t\t\t<\/div>\n\t\t\t\t<\/div>\n\t\t\t\t\t<\/div>\n\t\t\t\t<\/div>\n\t\t\t\t\t<\/div>\n\t\t\t\t<\/div>\n\t\t<div class=\"elementor-element elementor-element-2c918eb e-flex e-con-boxed e-con e-parent\" data-id=\"2c918eb\" data-element_type=\"container\" data-e-type=\"container\">\n\t\t\t\t\t<div class=\"e-con-inner\">\n\t\t<div class=\"elementor-element elementor-element-d6bb012 e-flex e-con-boxed e-con e-child\" data-id=\"d6bb012\" data-element_type=\"container\" data-e-type=\"container\">\n\t\t\t\t\t<div class=\"e-con-inner\">\n\t\t<div class=\"elementor-element elementor-element-17e7fd5 e-flex e-con-boxed e-con e-child\" data-id=\"17e7fd5\" data-element_type=\"container\" data-e-type=\"container\">\n\t\t\t\t\t<div class=\"e-con-inner\">\n\t\t\t\t<div class=\"elementor-element elementor-element-be961af elementor-widget elementor-widget-heading\" data-id=\"be961af\" data-element_type=\"widget\" data-e-type=\"widget\" data-widget_type=\"heading.default\">\n\t\t\t\t<div class=\"elementor-widget-container\">\n\t\t\t\t\t<h2 class=\"elementor-heading-title elementor-size-default\">Les Avantages du Cr\u00e9dit Mariage\n<\/h2>\t\t\t\t<\/div>\n\t\t\t\t<\/div>\n\t\t\t\t<div class=\"elementor-element elementor-element-475955d elementor-widget elementor-widget-text-editor\" data-id=\"475955d\" data-element_type=\"widget\" data-e-type=\"widget\" data-widget_type=\"text-editor.default\">\n\t\t\t\t<div class=\"elementor-widget-container\">\n\t\t\t\t\t\t\t\t\t<ul data-start=\"1811\" data-end=\"2195\"><li data-start=\"1811\" data-end=\"1904\"><p data-start=\"1813\" data-end=\"1904\"><strong data-start=\"1813\" data-end=\"1840\">C\u00e9l\u00e9brez sans compromis<\/strong>\u00a0: offrez-vous un mariage qui restera grav\u00e9 dans les m\u00e9moires.<\/p><\/li><li data-start=\"1905\" data-end=\"1967\"><p data-start=\"1907\" data-end=\"1967\"><strong data-start=\"1907\" data-end=\"1933\">Ma\u00eetrisez votre budget<\/strong>\u00a0: mensualit\u00e9s fixes et claires.<\/p><\/li><li data-start=\"1968\" data-end=\"2059\"><p data-start=\"1970\" data-end=\"2059\"><strong data-start=\"1970\" data-end=\"2002\">R\u00e9alisez vos r\u00eaves plus vite<\/strong>\u00a0: pas besoin d\u2019attendre des ann\u00e9es pour tout financer.<\/p><\/li><li data-start=\"2060\" data-end=\"2195\"><p data-start=\"2062\" data-end=\"2195\"><strong data-start=\"2062\" data-end=\"2098\">Profitez d\u2019une solution flexible<\/strong>\u00a0: possibilit\u00e9 de remboursement anticip\u00e9 ou d\u2019ajustement de l\u2019\u00e9ch\u00e9ancier selon votre situation.<\/p><\/li><\/ul>\t\t\t\t\t\t\t\t<\/div>\n\t\t\t\t<\/div>\n\t\t\t\t\t<\/div>\n\t\t\t\t<\/div>\n\t\t\t\t\t<\/div>\n\t\t\t\t<\/div>\n\t\t\t\t\t<\/div>\n\t\t\t\t<\/div>\n\t\t<div class=\"elementor-element elementor-element-9a6fa58 e-flex e-con-boxed e-con e-parent\" data-id=\"9a6fa58\" data-element_type=\"container\" data-e-type=\"container\">\n\t\t\t\t\t<div class=\"e-con-inner\">\n\t\t<div class=\"elementor-element elementor-element-7a38061 e-flex e-con-boxed e-con e-child\" data-id=\"7a38061\" data-element_type=\"container\" data-e-type=\"container\">\n\t\t\t\t\t<div class=\"e-con-inner\">\n\t\t<div class=\"elementor-element elementor-element-e7da50e e-flex e-con-boxed e-con e-child\" data-id=\"e7da50e\" data-element_type=\"container\" data-e-type=\"container\">\n\t\t\t\t\t<div class=\"e-con-inner\">\n\t\t\t\t<div class=\"elementor-element elementor-element-482a5ba elementor-cta--skin-classic elementor-animated-content elementor-bg-transform elementor-bg-transform-zoom-in elementor-widget elementor-widget-call-to-action\" data-id=\"482a5ba\" data-element_type=\"widget\" data-e-type=\"widget\" data-widget_type=\"call-to-action.default\">\n\t\t\t\t<div class=\"elementor-widget-container\">\n\t\t\t\t\t\t\t<div class=\"elementor-cta\">\n\t\t\t\t\t\t\t<div class=\"elementor-cta__content\">\n\t\t\t\t\n\t\t\t\t\t\t\t\t\t<h2 class=\"elementor-cta__title elementor-cta__content-item elementor-content-item\">\n\t\t\t\t\t\tVous h\u00e9sitez encore ?\t\t\t\t\t<\/h2>\n\t\t\t\t\n\t\t\t\t\t\t\t\t\t<div class=\"elementor-cta__description elementor-cta__content-item elementor-content-item\">\n\t\t\t\t\t\tMoenia Financement \n vous aide \u00e0 trouver le cr\u00e9dit qui est vraiment fait pour vous.\t\t\t\t\t<\/div>\n\t\t\t\t\n\t\t\t\t\t\t\t\t\t<div class=\"elementor-cta__button-wrapper elementor-cta__content-item elementor-content-item \">\n\t\t\t\t\t<a class=\"elementor-cta__button elementor-button elementor-size-\" href=\"https:\/\/moeniagrp.com\/index.php\/demander-un-credit\/\">\n\t\t\t\t\t\tDemander un cr\u00e9dit\t\t\t\t\t<\/a>\n\t\t\t\t\t<\/div>\n\t\t\t\t\t\t\t<\/div>\n\t\t\t\t\t\t<\/div>\n\t\t\t\t\t\t<\/div>\n\t\t\t\t<\/div>\n\t\t\t\t\t<\/div>\n\t\t\t\t<\/div>\n\t\t\t\t\t<\/div>\n\t\t\t\t<\/div>\n\t\t\t\t\t<\/div>\n\t\t\t\t<\/div>\n\t\t\t\t<\/div>\n\t\t","protected":false},"excerpt":{"rendered":"<p>Le cr\u00e9dit mariage pour vous aider \u00e0 pr\u00e9parer le jour J Cr\u00e9dit Mariage Moenia Financement : Donnez vie au mariage de vos r\u00eaves Votre mariage est l\u2019un des plus beaux jours de votre vie. Vous l\u2019imaginez parfait : une c\u00e9r\u00e9monie \u00e9mouvante, une r\u00e9ception m\u00e9morable, une ambiance \u00e9l\u00e9gante qui \u00e9merveillera vos invit\u00e9s\u2026 Mais vous savez aussi [&hellip;]<\/p>\n","protected":false},"author":1,"featured_media":0,"parent":0,"menu_order":0,"comment_status":"closed","ping_status":"closed","template":"elementor_header_footer","meta":{"footnotes":""},"class_list":["post-133","page","type-page","status-publish","hentry"],"_links":{"self":[{"href":"https:\/\/moeniagrp.com\/index.php\/wp-json\/wp\/v2\/pages\/133","targetHints":{"allow":["GET"]}}],"collection":[{"href":"https:\/\/moeniagrp.com\/index.php\/wp-json\/wp\/v2\/pages"}],"about":[{"href":"https:\/\/moeniagrp.com\/index.php\/wp-json\/wp\/v2\/types\/page"}],"author":[{"embeddable":true,"href":"https:\/\/moeniagrp.com\/index.php\/wp-json\/wp\/v2\/users\/1"}],"replies":[{"embeddable":true,"href":"https:\/\/moeniagrp.com\/index.php\/wp-json\/wp\/v2\/comments?post=133"}],"version-history":[{"count":34,"href":"https:\/\/moeniagrp.com\/index.php\/wp-json\/wp\/v2\/pages\/133\/revisions"}],"predecessor-version":[{"id":1434,"href":"https:\/\/moeniagrp.com\/index.php\/wp-json\/wp\/v2\/pages\/133\/revisions\/1434"}],"wp:attachment":[{"href":"https:\/\/moeniagrp.com\/index.php\/wp-json\/wp\/v2\/media?parent=133"}],"curies":[{"name":"wp","href":"https:\/\/api.w.org\/{rel}","templated":true}]}}