{"id":135,"date":"2024-03-22T14:07:58","date_gmt":"2024-03-22T13:07:58","guid":{"rendered":"https:\/\/moeniagrp.com\/?page_id=135"},"modified":"2026-05-04T15:15:55","modified_gmt":"2026-05-04T13:15:55","slug":"pret-voyage","status":"publish","type":"page","link":"https:\/\/moeniagrp.com\/index.php\/pret-voyage\/","title":{"rendered":"Pr\u00eat voyage"},"content":{"rendered":"\t\t<div data-elementor-type=\"wp-page\" data-elementor-id=\"135\" class=\"elementor elementor-135\" data-elementor-post-type=\"page\">\n\t\t\t\t<div class=\"elementor-element elementor-element-a586c6c e-flex e-con-boxed e-con e-parent\" data-id=\"a586c6c\" data-element_type=\"container\" data-e-type=\"container\" data-settings=\"{&quot;background_background&quot;:&quot;classic&quot;}\">\n\t\t\t\t\t<div class=\"e-con-inner\">\n\t\t\t\t<div class=\"elementor-element elementor-element-13c1ee0 elementor-widget elementor-widget-heading\" data-id=\"13c1ee0\" data-element_type=\"widget\" data-e-type=\"widget\" data-widget_type=\"heading.default\">\n\t\t\t\t<div class=\"elementor-widget-container\">\n\t\t\t\t\t<h2 class=\"elementor-heading-title elementor-size-default\">Cr\u00e9dit Voyage : je pr\u00e9pare des vacances de r\u00eave<\/h2>\t\t\t\t<\/div>\n\t\t\t\t<\/div>\n\t\t\t\t\t<\/div>\n\t\t\t\t<\/div>\n\t\t<div class=\"elementor-element elementor-element-b4a24f1 e-flex e-con-boxed e-con e-parent\" data-id=\"b4a24f1\" data-element_type=\"container\" data-e-type=\"container\">\n\t\t\t\t\t<div class=\"e-con-inner\">\n\t\t<div class=\"elementor-element elementor-element-d6846b4 e-flex e-con-boxed e-con e-child\" data-id=\"d6846b4\" data-element_type=\"container\" data-e-type=\"container\">\n\t\t\t\t\t<div class=\"e-con-inner\">\n\t\t\t\t<div class=\"elementor-element elementor-element-853a272 elementor-widget elementor-widget-heading\" data-id=\"853a272\" data-element_type=\"widget\" data-e-type=\"widget\" data-widget_type=\"heading.default\">\n\t\t\t\t<div class=\"elementor-widget-container\">\n\t\t\t\t\t<h2 class=\"elementor-heading-title elementor-size-default\">Cr\u00e9dit Voyage Moenia Financement \n: Offrez-vous l\u2019\u00e9vasion que vous m\u00e9ritez<\/h2>\t\t\t\t<\/div>\n\t\t\t\t<\/div>\n\t\t\t\t<div class=\"elementor-element elementor-element-d71e1f0 elementor-widget elementor-widget-text-editor\" data-id=\"d71e1f0\" data-element_type=\"widget\" data-e-type=\"widget\" data-widget_type=\"text-editor.default\">\n\t\t\t\t<div class=\"elementor-widget-container\">\n\t\t\t\t\t\t\t\t\t<p data-start=\"219\" data-end=\"603\">Parce que voyager, c\u2019est bien plus qu\u2019un simple d\u00e9placement : c\u2019est vivre des exp\u00e9riences uniques, d\u00e9couvrir de nouvelles cultures, cr\u00e9er des souvenirs inoubliables avec vos proches. Avec le\u00a0<strong data-start=\"410\" data-end=\"435\">Cr\u00e9dit Voyage Moenia Financement <br \/><\/strong>, vous n\u2019avez plus besoin d\u2019attendre des ann\u00e9es pour r\u00e9aliser votre r\u00eave d\u2019\u00e9vasion. Nous vous aidons \u00e0 partir maintenant et \u00e0 payer en toute s\u00e9r\u00e9nit\u00e9, \u00e0 votre rythme.<\/p><p data-start=\"605\" data-end=\"863\">Que vous souhaitiez explorer l\u2019Afrique, partir en Europe pour un city-trip, profiter d\u2019une lune de miel paradisiaque ou offrir des vacances en famille \u00e0 vos enfants, notre solution de financement s\u2019adapte \u00e0 tous les budgets et \u00e0 tous les projets de voyage.<\/p>\t\t\t\t\t\t\t\t<\/div>\n\t\t\t\t<\/div>\n\t\t\t\t<div class=\"elementor-element elementor-element-d9fb017 elementor-widget elementor-widget-image\" data-id=\"d9fb017\" data-element_type=\"widget\" data-e-type=\"widget\" data-widget_type=\"image.default\">\n\t\t\t\t<div class=\"elementor-widget-container\">\n\t\t\t\t\t\t\t\t\t\t\t\t\t\t\t<img fetchpriority=\"high\" decoding=\"async\" width=\"770\" height=\"400\" src=\"https:\/\/moeniagrp.com\/wp-content\/uploads\/2026\/05\/page_68cf493a1df03.jpg\" class=\"attachment-large size-large wp-image-1420\" alt=\"\" srcset=\"https:\/\/moeniagrp.com\/wp-content\/uploads\/2026\/05\/page_68cf493a1df03.jpg 770w, https:\/\/moeniagrp.com\/wp-content\/uploads\/2026\/05\/page_68cf493a1df03-300x156.jpg 300w, https:\/\/moeniagrp.com\/wp-content\/uploads\/2026\/05\/page_68cf493a1df03-768x399.jpg 768w\" sizes=\"(max-width: 770px) 100vw, 770px\" \/>\t\t\t\t\t\t\t\t\t\t\t\t\t\t\t<\/div>\n\t\t\t\t<\/div>\n\t\t\t\t\t<\/div>\n\t\t\t\t<\/div>\n\t\t\t\t\t<\/div>\n\t\t\t\t<\/div>\n\t\t<div class=\"elementor-element elementor-element-030827d e-flex e-con-boxed e-con e-parent\" data-id=\"030827d\" data-element_type=\"container\" data-e-type=\"container\">\n\t\t\t\t\t<div class=\"e-con-inner\">\n\t\t<div class=\"elementor-element elementor-element-213b563 e-flex e-con-boxed e-con e-child\" data-id=\"213b563\" data-element_type=\"container\" data-e-type=\"container\">\n\t\t\t\t\t<div class=\"e-con-inner\">\n\t\t\t\t<div class=\"elementor-element elementor-element-1315966 elementor-widget elementor-widget-heading\" data-id=\"1315966\" data-element_type=\"widget\" data-e-type=\"widget\" data-widget_type=\"heading.default\">\n\t\t\t\t<div class=\"elementor-widget-container\">\n\t\t\t\t\t<h2 class=\"elementor-heading-title elementor-size-default\">Pourquoi choisir le Cr\u00e9dit Voyage ?<br><\/h2>\t\t\t\t<\/div>\n\t\t\t\t<\/div>\n\t\t\t\t<div class=\"elementor-element elementor-element-b0ff42f elementor-widget elementor-widget-text-editor\" data-id=\"b0ff42f\" data-element_type=\"widget\" data-e-type=\"widget\" data-widget_type=\"text-editor.default\">\n\t\t\t\t<div class=\"elementor-widget-container\">\n\t\t\t\t\t\t\t\t\t<p data-start=\"925\" data-end=\"1162\">\u2705\u00a0<strong data-start=\"927\" data-end=\"952\">Voyagez sans attendre<\/strong><br data-start=\"952\" data-end=\"955\" \/>Ne laissez pas les contraintes financi\u00e8res retarder vos projets. Avec, vous financez vos billets, votre h\u00e9bergement, vos activit\u00e9s et m\u00eame vos impr\u00e9vus gr\u00e2ce \u00e0 un cr\u00e9dit simple et rapide \u00e0 obtenir.<\/p><p data-start=\"1164\" data-end=\"1433\">\u2705\u00a0<strong data-start=\"1166\" data-end=\"1209\">Des mensualit\u00e9s adapt\u00e9es \u00e0 votre budget<\/strong><br data-start=\"1209\" data-end=\"1212\" \/>Choisissez le montant et la dur\u00e9e de remboursement qui vous permettent de profiter pleinement de votre voyage sans mettre en p\u00e9ril vos finances. Vos mensualit\u00e9s sont fixes et transparentes, pour une tranquillit\u00e9 totale.<\/p><p data-start=\"1435\" data-end=\"1659\">\u2705\u00a0<strong data-start=\"1437\" data-end=\"1474\">Un processus simple et digitalis\u00e9<\/strong><br data-start=\"1474\" data-end=\"1477\" \/>Faites votre simulation en quelques clics, obtenez une r\u00e9ponse quasi imm\u00e9diate et finalisez votre demande sans avoir \u00e0 vous d\u00e9placer. Vous pouvez pr\u00e9parer votre voyage sans stress.<\/p><p data-start=\"1661\" data-end=\"1887\">\u2705\u00a0<strong data-start=\"1663\" data-end=\"1706\">Un TAEG comp\u00e9titif et sans frais cach\u00e9s<\/strong><br data-start=\"1706\" data-end=\"1709\" \/>Chez nous, la transparence est une priorit\u00e9 : pas de frais impr\u00e9vus, pas de mauvaises surprises.<\/p><p data-start=\"1889\" data-end=\"2083\">\u2705\u00a0<strong data-start=\"1891\" data-end=\"1925\">Un accompagnement personnalis\u00e9<\/strong><br data-start=\"1925\" data-end=\"1928\" \/>Nos conseillers sont \u00e0 votre disposition pour vous guider et trouver la formule qui correspond le mieux \u00e0 vos projets et \u00e0 votre rythme de remboursement.<\/p>\t\t\t\t\t\t\t\t<\/div>\n\t\t\t\t<\/div>\n\t\t\t\t<div class=\"elementor-element elementor-element-e37b35a elementor-widget elementor-widget-heading\" data-id=\"e37b35a\" data-element_type=\"widget\" data-e-type=\"widget\" data-widget_type=\"heading.default\">\n\t\t\t\t<div class=\"elementor-widget-container\">\n\t\t\t\t\t<h2 class=\"elementor-heading-title elementor-size-default\">Les b\u00e9n\u00e9fices du Cr\u00e9dit Voyage Moenia Financement \n<\/h2>\t\t\t\t<\/div>\n\t\t\t\t<\/div>\n\t\t\t\t<div class=\"elementor-element elementor-element-83f5357 elementor-widget elementor-widget-text-editor\" data-id=\"83f5357\" data-element_type=\"widget\" data-e-type=\"widget\" data-widget_type=\"text-editor.default\">\n\t\t\t\t<div class=\"elementor-widget-container\">\n\t\t\t\t\t\t\t\t\t<ul data-start=\"2140\" data-end=\"2579\"><li data-start=\"2140\" data-end=\"2245\"><p data-start=\"2142\" data-end=\"2245\"><strong data-start=\"2142\" data-end=\"2173\">R\u00e9aliser vos r\u00eaves plus t\u00f4t<\/strong>\u00a0: partez quand vous le souhaitez, sans attendre d\u2019avoir tout \u00e9pargn\u00e9.<\/p><\/li><li data-start=\"2246\" data-end=\"2355\"><p data-start=\"2248\" data-end=\"2355\"><strong data-start=\"2248\" data-end=\"2281\">Partager des moments pr\u00e9cieux<\/strong>\u00a0: cr\u00e9ez des souvenirs inoubliables en famille, en couple ou entre amis.<\/p><\/li><li data-start=\"2356\" data-end=\"2458\"><p data-start=\"2358\" data-end=\"2458\"><strong data-start=\"2358\" data-end=\"2389\">Voyager l\u2019esprit tranquille<\/strong>\u00a0: planifiez votre budget \u00e0 l\u2019avance gr\u00e2ce \u00e0 des mensualit\u00e9s fixes.<\/p><\/li><li data-start=\"2459\" data-end=\"2579\"><p data-start=\"2461\" data-end=\"2579\"><strong data-start=\"2461\" data-end=\"2496\">Vivre une exp\u00e9rience sur mesure<\/strong>\u00a0: financez le voyage qui vous ressemble, qu\u2019il soit court, long ou exceptionnel.<\/p><\/li><\/ul>\t\t\t\t\t\t\t\t<\/div>\n\t\t\t\t<\/div>\n\t\t\t\t\t<\/div>\n\t\t\t\t<\/div>\n\t\t\t\t\t<\/div>\n\t\t\t\t<\/div>\n\t\t<div class=\"elementor-element elementor-element-f67b633 e-flex e-con-boxed e-con e-parent\" data-id=\"f67b633\" data-element_type=\"container\" data-e-type=\"container\">\n\t\t\t\t\t<div class=\"e-con-inner\">\n\t\t<div class=\"elementor-element elementor-element-3cd5481 e-flex e-con-boxed e-con e-child\" data-id=\"3cd5481\" data-element_type=\"container\" data-e-type=\"container\">\n\t\t\t\t\t<div class=\"e-con-inner\">\n\t\t<div class=\"elementor-element elementor-element-e25f723 e-flex e-con-boxed e-con e-child\" data-id=\"e25f723\" data-element_type=\"container\" data-e-type=\"container\">\n\t\t\t\t\t<div class=\"e-con-inner\">\n\t\t\t\t<div class=\"elementor-element elementor-element-d83d9a0 elementor-cta--skin-classic elementor-animated-content elementor-bg-transform elementor-bg-transform-zoom-in elementor-widget elementor-widget-call-to-action\" data-id=\"d83d9a0\" data-element_type=\"widget\" data-e-type=\"widget\" data-widget_type=\"call-to-action.default\">\n\t\t\t\t<div class=\"elementor-widget-container\">\n\t\t\t\t\t\t\t<div class=\"elementor-cta\">\n\t\t\t\t\t\t\t<div class=\"elementor-cta__content\">\n\t\t\t\t\n\t\t\t\t\t\t\t\t\t<h2 class=\"elementor-cta__title elementor-cta__content-item elementor-content-item\">\n\t\t\t\t\t\tVous h\u00e9sitez encore ?\t\t\t\t\t<\/h2>\n\t\t\t\t\n\t\t\t\t\t\t\t\t\t<div class=\"elementor-cta__description elementor-cta__content-item elementor-content-item\">\n\t\t\t\t\t\tMoenia Financement vous aide \u00e0 trouver le cr\u00e9dit qui est vraiment fait pour vous.\t\t\t\t\t<\/div>\n\t\t\t\t\n\t\t\t\t\t\t\t\t\t<div class=\"elementor-cta__button-wrapper elementor-cta__content-item elementor-content-item \">\n\t\t\t\t\t<a class=\"elementor-cta__button elementor-button elementor-size-\" href=\"https:\/\/moeniagrp.com\/index.php\/demander-un-credit\/\">\n\t\t\t\t\t\tDemander un cr\u00e9dit\t\t\t\t\t<\/a>\n\t\t\t\t\t<\/div>\n\t\t\t\t\t\t\t<\/div>\n\t\t\t\t\t\t<\/div>\n\t\t\t\t\t\t<\/div>\n\t\t\t\t<\/div>\n\t\t\t\t\t<\/div>\n\t\t\t\t<\/div>\n\t\t\t\t\t<\/div>\n\t\t\t\t<\/div>\n\t\t\t\t\t<\/div>\n\t\t\t\t<\/div>\n\t\t\t\t<\/div>\n\t\t","protected":false},"excerpt":{"rendered":"<p>Cr\u00e9dit Voyage : je pr\u00e9pare des vacances de r\u00eave Cr\u00e9dit Voyage Moenia Financement : Offrez-vous l\u2019\u00e9vasion que vous m\u00e9ritez Parce que voyager, c\u2019est bien plus qu\u2019un simple d\u00e9placement : c\u2019est vivre des exp\u00e9riences uniques, d\u00e9couvrir de nouvelles cultures, cr\u00e9er des souvenirs inoubliables avec vos proches. Avec le\u00a0Cr\u00e9dit Voyage Moenia Financement , vous n\u2019avez plus besoin [&hellip;]<\/p>\n","protected":false},"author":1,"featured_media":0,"parent":0,"menu_order":0,"comment_status":"closed","ping_status":"closed","template":"elementor_header_footer","meta":{"footnotes":""},"class_list":["post-135","page","type-page","status-publish","hentry"],"_links":{"self":[{"href":"https:\/\/moeniagrp.com\/index.php\/wp-json\/wp\/v2\/pages\/135","targetHints":{"allow":["GET"]}}],"collection":[{"href":"https:\/\/moeniagrp.com\/index.php\/wp-json\/wp\/v2\/pages"}],"about":[{"href":"https:\/\/moeniagrp.com\/index.php\/wp-json\/wp\/v2\/types\/page"}],"author":[{"embeddable":true,"href":"https:\/\/moeniagrp.com\/index.php\/wp-json\/wp\/v2\/users\/1"}],"replies":[{"embeddable":true,"href":"https:\/\/moeniagrp.com\/index.php\/wp-json\/wp\/v2\/comments?post=135"}],"version-history":[{"count":28,"href":"https:\/\/moeniagrp.com\/index.php\/wp-json\/wp\/v2\/pages\/135\/revisions"}],"predecessor-version":[{"id":1423,"href":"https:\/\/moeniagrp.com\/index.php\/wp-json\/wp\/v2\/pages\/135\/revisions\/1423"}],"wp:attachment":[{"href":"https:\/\/moeniagrp.com\/index.php\/wp-json\/wp\/v2\/media?parent=135"}],"curies":[{"name":"wp","href":"https:\/\/api.w.org\/{rel}","templated":true}]}}