{"id":465,"date":"2024-03-26T16:07:28","date_gmt":"2024-03-26T15:07:28","guid":{"rendered":"https:\/\/moeniagrp.com\/?page_id=465"},"modified":"2024-08-12T23:22:32","modified_gmt":"2024-08-12T21:22:32","slug":"mentions-legales","status":"publish","type":"page","link":"https:\/\/moeniagrp.com\/index.php\/mentions-legales\/","title":{"rendered":"\u00a0mentions l\u00e9gales"},"content":{"rendered":"\t\t<div data-elementor-type=\"wp-page\" data-elementor-id=\"465\" class=\"elementor elementor-465\" data-elementor-post-type=\"page\">\n\t\t\t\t<div class=\"elementor-element elementor-element-7c25609 e-flex e-con-boxed e-con e-parent\" data-id=\"7c25609\" data-element_type=\"container\" data-e-type=\"container\" data-settings=\"{&quot;background_background&quot;:&quot;classic&quot;}\">\n\t\t\t\t\t<div class=\"e-con-inner\">\n\t\t\t\t<div class=\"elementor-element elementor-element-7e0caea elementor-widget elementor-widget-heading\" data-id=\"7e0caea\" data-element_type=\"widget\" data-e-type=\"widget\" data-widget_type=\"heading.default\">\n\t\t\t\t<div class=\"elementor-widget-container\">\n\t\t\t\t\t<h2 class=\"elementor-heading-title elementor-size-default\">MENTIONS L\u00c9GALES<\/h2>\t\t\t\t<\/div>\n\t\t\t\t<\/div>\n\t\t\t\t\t<\/div>\n\t\t\t\t<\/div>\n\t\t<div class=\"elementor-element elementor-element-107a380 e-flex e-con-boxed e-con e-parent\" data-id=\"107a380\" data-element_type=\"container\" data-e-type=\"container\">\n\t\t\t\t\t<div class=\"e-con-inner\">\n\t\t\t\t<div class=\"elementor-element elementor-element-cb7f0b0 elementor-widget elementor-widget-heading\" data-id=\"cb7f0b0\" data-element_type=\"widget\" data-e-type=\"widget\" data-widget_type=\"heading.default\">\n\t\t\t\t<div class=\"elementor-widget-container\">\n\t\t\t\t\t<h5 class=\"elementor-heading-title elementor-size-default\">Site internet KREDIET HULP personne morale<br><br>\nCe site est publi\u00e9 par KREDIET HULP.<br><br>\n\n\nSi\u00e8ge social :  1 PASSERELLE DES REFLETS 92400 COURBEVOIE<br><br>\n<\/h5>\t\t\t\t<\/div>\n\t\t\t\t<\/div>\n\t\t\t\t\t<\/div>\n\t\t\t\t<\/div>\n\t\t<div class=\"elementor-element elementor-element-b3b44a7 e-flex e-con-boxed e-con e-parent\" data-id=\"b3b44a7\" data-element_type=\"container\" data-e-type=\"container\">\n\t\t\t\t\t<div class=\"e-con-inner\">\n\t\t\t\t<div class=\"elementor-element elementor-element-1165a0a elementor-widget elementor-widget-heading\" data-id=\"1165a0a\" data-element_type=\"widget\" data-e-type=\"widget\" data-widget_type=\"heading.default\">\n\t\t\t\t<div class=\"elementor-widget-container\">\n\t\t\t\t\t<h5 class=\"elementor-heading-title elementor-size-default\">CONTENU DU SITE\nKREDIET HULP <br><br> s\u2019efforce d\u2019assurer l\u2019exactitude et la mise \u00e0 jour des informations diffus\u00e9es sur ce site et se r\u00e9serve le droit de corriger, \u00e0 tout moment et sans pr\u00e9avis, le contenu. KREDIET HULP ne peut cependant en garantir l\u2019exhaustivit\u00e9 ou l\u2019absence de modification par un tiers (intrusion, virus). En outre, KREDIET HULP d\u00e9clinent toute responsabilit\u00e9 en cas de difficult\u00e9 ou d\u2019impossibilit\u00e9 d\u2019acc\u00e9der au site due \u00e0 un probl\u00e8me de connexion internet.<br><br>\n\nLa responsabilit\u00e9 de KREDIET HULP ne saurait \u00eatre retenue en cas de dommages indirects tels que, sans que cette liste soit exhaustive, les pertes d\u00e9coulant des transactions effectu\u00e9es sur la base des informations figurant sur le site, les pertes de profit, pertes d\u2019affaires et pertes d\u00e9coulant d\u2019une interruption du service due \u00e0 un probl\u00e8me de connexion internet.<br><br>\n\nDe m\u00eame, KREDIET HULP ne saurait \u00eatre tenue responsable des \u00e9l\u00e9ments en dehors de son contr\u00f4le et des dommages qui pourraient \u00e9ventuellement \u00eatre caus\u00e9s par l\u2019environnement technique des utilisateurs du pr\u00e9sent site, notamment les ordinateurs, logiciels, \u00e9quipements r\u00e9seaux (modems, t\u00e9l\u00e9phones\u2026) et tout mat\u00e9riel utilis\u00e9 pour acc\u00e9der \u00e0 ou utiliser le service et\/ou les informations.\n<\/h5>\t\t\t\t<\/div>\n\t\t\t\t<\/div>\n\t\t\t\t<div class=\"elementor-element elementor-element-4ae4165 elementor-widget elementor-widget-heading\" data-id=\"4ae4165\" data-element_type=\"widget\" data-e-type=\"widget\" data-widget_type=\"heading.default\">\n\t\t\t\t<div class=\"elementor-widget-container\">\n\t\t\t\t\t<h5 class=\"elementor-heading-title elementor-size-default\">SOUSCRIPTION DE CR\u00c9DITS <br><br>  Dans le cadre de ses obligations l\u00e9gales et r\u00e9glementaires et en tant que pr\u00eateur responsable, KREDIET HULP doit v\u00e9rifier si vous disposez de la capacit\u00e9 financi\u00e8re suffisante pour rembourser le cr\u00e9dit demand\u00e9.<br><br>\n\nToute demande \u00e9ventuelle de souscription en ligne d\u2019un cr\u00e9dit propos\u00e9 par KREDIET HULP est soumise \u00e0 son accord et implique \u00e9galement la soumission de l\u2019op\u00e9ration aux conditions contractuelles et tarifaires en vigueur, ainsi qu\u2019\u00e0 la loi fran\u00e7aise.<br><br>\n\n\n<\/h5>\t\t\t\t<\/div>\n\t\t\t\t<\/div>\n\t\t\t\t<div class=\"elementor-element elementor-element-ff6b6a7 elementor-widget elementor-widget-heading\" data-id=\"ff6b6a7\" data-element_type=\"widget\" data-e-type=\"widget\" data-widget_type=\"heading.default\">\n\t\t\t\t<div class=\"elementor-widget-container\">\n\t\t\t\t\t<h5 class=\"elementor-heading-title elementor-size-default\">PROPRI\u00c9T\u00c9 INTELLECTUELLE <br><br>  L\u2019ensemble de ce site et chacun de ses \u00e9l\u00e9ments pris s\u00e9par\u00e9ment rel\u00e8vent de la l\u00e9gislation fran\u00e7aise et internationale sur le droit d\u2019auteur, le droit des marques et des bases de donn\u00e9es et, de fa\u00e7on g\u00e9n\u00e9rale, sur la propri\u00e9t\u00e9 intellectuelle, aussi bien en ce qui concerne sa forme (choix, plan, disposition des mati\u00e8res, moyens d\u2019acc\u00e8s aux donn\u00e9es, organisation des donn\u00e9es\u2026), qu\u2019en ce qui concerne chacun des \u00e9l\u00e9ments de son contenu (textes, images, vid\u00e9os, etc\u2026). Toute reproduction, repr\u00e9sentation, diffusion ou rediffusion, en tout ou partie, du contenu de ce site sur quelque support ou par tout proc\u00e9d\u00e9 que ce soit (notamment par voie de caching, framing) de m\u00eame que toute vente, revente, retransmission ou mise \u00e0 disposition de tiers de quelque mani\u00e8re que ce soit sont interdites sauf autorisation expresse et pr\u00e9alable du directeur de la publication. Le non-respect de cette interdiction constitue une contrefa\u00e7on susceptible d\u2019engager la responsabilit\u00e9 civile et p\u00e9nale du contrefacteur.\n<\/h5>\t\t\t\t<\/div>\n\t\t\t\t<\/div>\n\t\t\t\t<div class=\"elementor-element elementor-element-25757ae elementor-widget elementor-widget-heading\" data-id=\"25757ae\" data-element_type=\"widget\" data-e-type=\"widget\" data-widget_type=\"heading.default\">\n\t\t\t\t<div class=\"elementor-widget-container\">\n\t\t\t\t\t<h5 class=\"elementor-heading-title elementor-size-default\">DONN\u00c9ES PERSONNELLES<br><br> Dans le respect du R\u00e8glement G\u00e9n\u00e9ral sur la Protection des Donn\u00e9es (UE) n\u00b02016\/679 du 27 avril 2016 (\u00ab RGPD \u00bb) et de la loi n\u00b078-17, dans sa derni\u00e8re version en vigueur, relative \u00e0 l\u2019informatique, aux fichiers et aux libert\u00e9s (\u00ab LIL \u00bb), KREDIET HULP est amen\u00e9e \u00e0 collecter et traiter des donn\u00e9es \u00e0 caract\u00e8re personnel en qualit\u00e9 de responsable de traitement. Pour obtenir plus d\u2019informations sur les traitements mis en \u0153uvre et les droits dont vous disposez, vous pouvez consulter notre charte Protection des donn\u00e9es.<\/h5>\t\t\t\t<\/div>\n\t\t\t\t<\/div>\n\t\t\t\t<div class=\"elementor-element elementor-element-1433b3d elementor-widget elementor-widget-heading\" data-id=\"1433b3d\" data-element_type=\"widget\" data-e-type=\"widget\" data-widget_type=\"heading.default\">\n\t\t\t\t<div class=\"elementor-widget-container\">\n\t\t\t\t\t<h5 class=\"elementor-heading-title elementor-size-default\">S\u00c9CURIT\u00c9 DES TRAITEMENTS<br><br> Ce site est prot\u00e9g\u00e9 par un important niveau de s\u00e9curit\u00e9 technique, et est sous surveillance permanente.\n\nLes algorithmes et m\u00e9canismes, utilis\u00e9s pour prot\u00e9ger vos communications avec KREDIET HULP et les informations qui vous concernent, respectent la r\u00e9glementation fran\u00e7aise en vigueur.<\/h5>\t\t\t\t<\/div>\n\t\t\t\t<\/div>\n\t\t\t\t\t<\/div>\n\t\t\t\t<\/div>\n\t\t\t\t<\/div>\n\t\t","protected":false},"excerpt":{"rendered":"<p>MENTIONS L\u00c9GALES Site internet KREDIET HULP personne morale Ce site est publi\u00e9 par KREDIET HULP. Si\u00e8ge social : 1 PASSERELLE DES REFLETS 92400 COURBEVOIE CONTENU DU SITE KREDIET HULP s\u2019efforce d\u2019assurer l\u2019exactitude et la mise \u00e0 jour des informations diffus\u00e9es sur ce site et se r\u00e9serve le droit de corriger, \u00e0 tout moment et sans [&hellip;]<\/p>\n","protected":false},"author":1,"featured_media":0,"parent":0,"menu_order":0,"comment_status":"closed","ping_status":"closed","template":"elementor_header_footer","meta":{"footnotes":""},"class_list":["post-465","page","type-page","status-publish","hentry"],"_links":{"self":[{"href":"https:\/\/moeniagrp.com\/index.php\/wp-json\/wp\/v2\/pages\/465","targetHints":{"allow":["GET"]}}],"collection":[{"href":"https:\/\/moeniagrp.com\/index.php\/wp-json\/wp\/v2\/pages"}],"about":[{"href":"https:\/\/moeniagrp.com\/index.php\/wp-json\/wp\/v2\/types\/page"}],"author":[{"embeddable":true,"href":"https:\/\/moeniagrp.com\/index.php\/wp-json\/wp\/v2\/users\/1"}],"replies":[{"embeddable":true,"href":"https:\/\/moeniagrp.com\/index.php\/wp-json\/wp\/v2\/comments?post=465"}],"version-history":[{"count":79,"href":"https:\/\/moeniagrp.com\/index.php\/wp-json\/wp\/v2\/pages\/465\/revisions"}],"predecessor-version":[{"id":637,"href":"https:\/\/moeniagrp.com\/index.php\/wp-json\/wp\/v2\/pages\/465\/revisions\/637"}],"wp:attachment":[{"href":"https:\/\/moeniagrp.com\/index.php\/wp-json\/wp\/v2\/media?parent=465"}],"curies":[{"name":"wp","href":"https:\/\/api.w.org\/{rel}","templated":true}]}}